{"id":647,"date":"2025-01-01T14:01:48","date_gmt":"2025-01-01T13:01:48","guid":{"rendered":"https:\/\/munbw.de\/?page_id=647"},"modified":"2025-03-17T15:13:15","modified_gmt":"2025-03-17T14:13:15","slug":"agbs-und-datenschutzerklaerung","status":"publish","type":"page","link":"https:\/\/munbw.de\/?page_id=647","title":{"rendered":"Teilnahmebedingungen und Datenschutzerkl\u00e4rung"},"content":{"rendered":"\n\n\n<p style=\"font-style:normal;font-weight:100\">Beim Besuch dieser Internetangebote werden IP-Adressen und andere technische Daten im Rahmen der \u00fcblichen allgemeinen <strong>Server-Log-Dateien<\/strong> gespeichert. Diese nutzt Deutsche Model United Nations (DMUN) e.V. nur im Rahmen der gesetzlichen Bestimmungen. Sie werden nicht l\u00e4nger als \u00fcblich gespeichert.<\/p>\n\n\n\n<p>Benutzer dieser Internetangebote k\u00f6nnen sich registrieren. Als <strong>Benutzernamen<\/strong> k\u00f6nnen sie dabei ihren echten Namen oder ein Pseudonym w\u00e4hlen. Personenbezogene Daten, die sich aus R\u00fcckschl\u00fcssen aus dem gew\u00e4hlten Benutzernamen ergeben k\u00f6nnen, werden von DMUN e.V. nicht gesondert verarbeitet.<\/p>\n\n\n\n<p>Beim Besuch der Angebote werden <a href=\"https:\/\/www.dmun.de\/impressum\/\"><strong>Cookies<\/strong> <\/a>zur Identifizierung eingeloggter Benutzer verwendet. Diese werden auch l\u00e4ngerfristig gespeichert, wenn der Benutzer ausdr\u00fccklich das Feld \u201eeingeloggt bleiben\u201c aktiviert hat.<\/p>\n\n\n\n<p>Im Rahmen eines Auftragsverarbeitung-Vertrags mit DMUN e.V., k\u00f6nnen Daten in Dienstleistungen der Auftragsverarbeiter von DMUN e.V verarbeitet werden. Auftragsverarbeiter d\u00fcrfen erhaltene Daten nicht eigenst\u00e4ndig ohne die Zustimmung von DMUN e.V f\u00fcr eigene Zwecke weiterverarbeiten. DMUN e.V. hat einen Auftragsverarbeitungs-Vertrag mit den folgenden Unternehmen:<\/p>\n\n\n\n<p>\u2022 Ennit AG sowie Amazon Web Services Inc. und Microsoft Coorporation f\u00fcr Server-Hosting f\u00fcr die Webseiten und Datenbanken von DMUN e.V.<br>\u2022 Cloudflare Inc. f\u00fcr DNS- und Reverse-Proxy-Dienstleistungen<br>\u2022 Google LLC f\u00fcr die Dienstleistung GoogleWebFonts<\/p>\n\n\n\n<p>Pers\u00f6nliche Daten werden <strong>nicht<\/strong> an Dritte weitergegeben. Alle Daten werden nur zu Zwecken der Konferenzen und anderen Projekten von DMUN e.V. gespeichert und verarbeitet. Gespeicherte Daten k\u00f6nnen vorbehaltlich der anderen Regelungen dieser Datenschutzerkl\u00e4rung und der Datenschutzerkl\u00e4rung im Rahmen der Registrierung jederzeit <strong>gel\u00f6scht<\/strong> werden. Hierf\u00fcr gen\u00fcgt eine E-Mail an <a href=\"mailto:datenschutz@dmun.de\">datenschutz@dmun.de<\/a>.<\/p>\n\n\n\n<p>DMUN e.V. h\u00e4lt sich an das deutsche und europ\u00e4ische Datenschutzrecht. <strong>Alle Fragen zum Datenschutz<\/strong> beantworten wir gerne unter <a href=\"mailto:datenschutz@dmun.de\">datenschutz@dmun.de<\/a>.<\/p>\n\n\n\n<p>Verantwortlich f\u00fcr die ordnungsgem\u00e4\u00dfe Verarbeitung und Speicherung meiner Daten ist:<br><strong>Deutsche Model United Nations (DMUN) e.V.<\/strong><br>Birkenweg 1, 24235 Laboe<br>E-Mail: <a href=\"mailto:vorstand@dmun.de\">vorstand@dmun.de<\/a><\/p>\n\n\n\n<p>Der Datenschutzbeauftrage von Deutsche Model United Nations (DMUN) e.V. ist:<br><strong>Dr. Wolfram Konertz<\/strong><br>E-Mail: <a href=\"mailto:datenschutz@dmun.de\">datenschutz@dmun.de<\/a><\/p>\n\n\n\n<p><em>Die folgende Erkl\u00e4rung zum Datenschutz akzeptiert jeder Benutzer der Website explizit bei der Registrierung eines Benutzerprofils auf www.munbw.de, www.mun-sh.de, www.munbb.de, delegator.munify.cloud sowie guard.munify.cloud<\/em><\/p>\n\n\n\n<p>Meine bei dieser Registrierung eingegebenen Daten werden von Deutsche Model United Nations (DMUN) e.V. zum Zweck der Durchf\u00fchrung von Model-United-Nations-Konferenzen und anderen Projekten gespeichert. Das beinhaltet die Speicherung und Verarbeitung der Daten im Rahmen jeder Konferenz, zu der ich mich \u00fcber eine Website von DMUN e.V. mit diesem Benutzerprofil anmelde. Die Registrierung auf einer Webseite von DMUN e.V. ist Teil der Anmeldung f\u00fcr ein Projekt von DMUN e.V. Die damit einhergehende Daten\u00fcberlassung zum Zweck der Anmeldung ist f\u00fcr eine vorvertragliche Datenverarbeitung bei der Bearbeitung der Anmeldungen notwendig. Die Verarbeitung dieser Daten ist f\u00fcr die Durchf\u00fchrung der jeweiligen Konferenz notwendig. Daher m\u00fcssen diese Daten zur Anmeldung bereitgestellt werden. Ohne die Bereitstellung der Daten kann nicht an den Konferenz von DMUN e.V. teilgenommen werden. Die Daten werden <strong>nicht <\/strong>ohne meine zus\u00e4tzliche ausdr\u00fcckliche Zustimmung an Dritte weitergegeben.<\/p>\n\n\n\n<p>F\u00fcr <strong>alle eingeloggten Benutzer<\/strong> der DMUN-Websites (auch solche, die keine Teilnehmer der gleichen Konferenz sind) sind vom Zeitpunkt der Registrierung bis maximal ein Jahr nach Abschluss der letzten Konferenz, an der ich mit diesem Benutzerprofil teilnehme, mein Vorname und der Anfangsbuchstabe meines Zunamen und meine(n) E-Mail-Adresse(n) <strong>sichtbar<\/strong>. Alle Mitglieder meiner Delegation sehen meinen vollen Vor- und Zunamen. Dies dient der Kommunikation zwischen den Delegationen. Dieser Weitergabe der Daten stimme ich ausdr\u00fccklich zu.<\/p>\n\n\n\n<p><strong>Mit dem Ablauf eines Jahres nach meinem letzten Log-In<\/strong> auf einer Website von DMUN e.V., fr\u00fchestens jedoch ein Jahr nach Abschluss der letzten Konferenz, an der ich mit diesem Benutzerprofil teilgenommen habe, werden meine elektronisch gespeicherten, pers\u00f6nlichen Daten (Kontaktdaten, Geburtsdatum) gel\u00f6scht. Ausgenommen hiervon sind Vor- und Zuname, Benutzername sowie E-Mail-Adresse(n), welche zu internen dokumentarischen Zwecken weiterhin gespeichert bleiben. Diese automatische L\u00f6schung findet keine Anwendung mehr, wenn ich dem Verein DMUN e.V. beitrete. Die Verarbeitung von Daten von DMUN-Vereinsmitgliedern wird in einer gesonderten Datenschutzerkl\u00e4rung geregelt.<\/p>\n\n\n\n<p>DMUN e.V. verwahrt alle Dokumente und Daten im Einklang mit bundesdeutschem und europ\u00e4ischem Recht. Darunter fallen auch alle pers\u00f6nlichen Daten, die im Rahmen der postalischen Anmeldung an DMUN e.V. geschickt werden.<\/p>\n\n\n\n<p>Im Rahmen eines Auftragsverarbeitungs-Vertrags k\u00f6nnen Daten in Dienstleistungen von Auftragsverarbeitern von DMUN e.V verarbeitet werden. Auftragsverarbeiter d\u00fcrfen erhaltene Daten nicht eigenst\u00e4ndig ohne die Zustimmung von DMUN e.V f\u00fcr eigene Zwecke weiterverarbeiten. DMUN e.V. hat Auftragsverarbeitungs-Vertr\u00e4ge mit den folgenden Unternehmen:<\/p>\n\n\n\n<p>\u2022 Ennit AG sowie Amazon Web Services Inc. und Microsoft Coorporation f\u00fcr Server-Hosting f\u00fcr die Webseiten und Datenbanken von DMUN e.V.<br>\u2022 Cloudflare Inc. f\u00fcr DNS- und Reverse-Proxy-Dienstleistungen<br>\u2022 Google LLC als Bereitsteller der Office-Umgebung \u201cG Suite\u201d<\/p>\n\n\n\n<p>Im \u00dcbrigen gilt die Datenschutzerkl\u00e4rung, die f\u00fcr die gesamten Internetangebote von DMUN e.V. gilt. Diese finden ich unter www.dmun.de\/impressum. <strong>Alle Fragen zum Datenschutz<\/strong> bzw. zu meinen Daten, ihrer Speicherung und Verarbeitung kann ich an <a href=\"mailto:datenschutz@dmun.de\">datenschutz@dmun.de<\/a> richten. Hier erhalte ich auch Auskunft \u00fcber den exakten Umfang und die Art der zu meiner Person erhobenen Daten. Ene Berichtigung, L\u00f6schung, Einschr\u00e4nkung der Verarbeitung von Daten oder eines Widerspruchs gegen die Verarbeitung sowie bei Daten\u00fcbertragbarkeit, kann ich ebenfalls \u00fcber <a href=\"mailto:datenschutz@dmun.de\">datenschutz@dmun.de<\/a> geltend machen.<\/p>\n\n\n\n<p>Verantwortlich f\u00fcr die ordnungsgem\u00e4\u00dfe Verarbeitung und Speicherung meiner Daten ist:<br><strong>Deutsche Model United Nations (DMUN) e.V.<\/strong><br>Birkenweg 1, 24235 Laboe<br>E-Mail: <a href=\"mailto:info@dmun.de\">vorstand@dmun.de<\/a><\/p>\n\n\n\n<p>Der Datenschutzbeauftragte von Deutsche Model United Nations (DMUN) e.V. ist:<br><strong>Dr. Wolfram Konertz<\/strong><br>E-Mail: <a href=\"mailto:datenschutz@dmun.de\">datenschutz@dmun.de<\/a><\/p>\n\n\n\n<p><em>Nachfolgend stellen wir Ihnen Informationen zu der Verarbeitung personenbezogener Daten im Zusammenhang mit der Nutzung der Dienste \u201eZoom\u201c und \u201cSlack\u201c im Zusammenhang mit digitalen Veranstaltungen von DMUN e.V. bereit.<\/em><\/p>\n\n\n\n<p><strong>1. Kontaktdaten des Verantwortlichen<\/strong><br>Verantwortlich im Sinne der EU-Datenschutzgrundverordnung (DSGVO) und anderer nationaler Datenschutzgesetze der Mitgliedsstaaten sowie sonstiger datenschutzrechtlicher Bestimmungen ist:<br>Deutsche Model United Nations (DMUN) e.V.<br>Birkenweg 1, D-24253 Laboe<br>E-Mail: <a href=\"mailto:vorstand@dmun.de\">vorstand@dmun.de<\/a><br><br><strong>2. Name und Kontakt des Datenschutzbeauftragten<\/strong><br>Der Datenschutzbeauftragte des Verantwortlichen ist:<br><strong>Dr. Wolfram Konertz<\/strong><br>E-Mail: <a href=\"mailto:datenschutz@dmun.de\">datenschutz@dmun.de<\/a><br><br><strong>3. Datenverarbeitung bei der Nutzung von \u201eGoogle Meet\u201c<\/strong><br><br><strong>Umfang der Datenverarbeitung<\/strong><br>Wenn Sie den Dienst \u201eGoogle Meet\u201c f\u00fcr die Teilnahme an Veranstaltungen von DMUN e.V. verwenden, verarbeiten wir von Ihnen folgende Daten:<br><br>1. Angaben zum Benutzer: Vorname, Nachname, Telefon (optional), E-Mail-Adresse, Profilbild (optional)<br>2. Meeting-Metadaten: Thema, Beschreibung (optional), Teilnehmer-IP-Adressen, Ger\u00e4te-\/Hardware-Informationen<br>3. Meeting-Inhaltsdaten: Audio-, Video- und ggf. Textdaten der \u00c4u\u00dferungen, die Sie w\u00e4hrend eines Meetings t\u00e4tigen<br>4. Bei Meeting-Aufzeichnungen (optional): MP4-Datei aller Video- und Audioaufnahmen und Pr\u00e4sentationen, M4A-Datei aller Audioaufnahmen, Textdatei des Chat-Verlaufs, Audio-Protokolldatei<br>5. Telefonie-Nutzungsdaten (optional): Rufnummer des Anrufers, Name des Landes, IP-Adresse, Start- und Endzeit, Hostname, Host-E-Mail-Adresse, MAC-Adresse des verwendeten Ger\u00e4ts<br><br><strong>Zwecke der Datenverarbeitung<\/strong><br>Die Verarbeitung Ihrer oben genannten personenbezogenen Daten dient dazu, Ihnen \u201eGoogle Meet\u201c als Tool f\u00fcr die Durchf\u00fchrung von Veranstaltungen von DMUN e.V. zur Verf\u00fcgung stellen zu k\u00f6nnen und die genannten Formate \u00fcber \u201eGoogle Meet\u201c abwickeln zu k\u00f6nnen.<br><br><strong>Rechtsgrundlage f\u00fcr die Verarbeitung personenbezogener Daten<\/strong><br>Soweit wir f\u00fcr Verarbeitungsvorg\u00e4nge personenbezogener Daten im Rahmen der Nutzung von \u201eGoogle Meet\u201c Ihre Einwilligung einholen, dient Art. 6 Abs. 1 lit. a DSGVO als Rechtsgrundlage f\u00fcr die Verarbeitung personenbezogener Daten.<br><br>Soweit die Verarbeitung personenbezogener Daten im Rahmen von \u201eGoogle Meet\u201c f\u00fcr die Erf\u00fcllung eines Vertrages erforderlich ist, dessen Vertragspartei Sie sind, oder zur Durchf\u00fchrung vorvertraglicher Ma\u00dfnahmen erforderlich ist, die auf Ihre Anfrage hin erfolgen, dient Art. 6 Abs. 1 lit. b DSGVO als Rechtsgrundlage f\u00fcr die Verarbeitung personenbezogener Daten.<br><br>Soweit eine Verarbeitung personenbezogener Daten im Rahmen von \u201eGoogle Meet\u201c zur Erf\u00fcllung einer rechtlichen Verpflichtung erforderlich ist, der DMUN e.V. unterliegt, dient Art. 6 Abs. 1 lit. c DSGVO als Rechtsgrundlage.<br><br>Ist die Verarbeitung Ihrer personenbezogenen Daten im Rahmen der Nutzung von \u201eGoogle Meet\u201c f\u00fcr die Wahrnehmung einer Aufgabe erforderlich, die im \u00f6ffentlichen Interesse liegt oder in Aus\u00fcbung \u00f6ffentlicher Gewalt erfolgt, die DMUN \u00fcbertragen wurde, so dient Art. 6 Abs. 1 lit. e, Abs. 3 lit. b) DSGVO als Rechtsgrundlage f\u00fcr die Verarbeitung.<br><br><strong>Weitere Empf\u00e4nger Ihrer personenbezogenen Daten<\/strong><br>Ihre bei der Nutzung von \u201eGoogle Meet\u201c erhobenen personenbezogenen Daten werden an folgende Empf\u00e4nger innerhalb bzw. au\u00dferhalb von DMUN e.V. weitergegeben:<br>Empf\u00e4nger innerhalb von DMUN e.V.:<br>\u2022 Vorstand von DMUN e.V., Organisator*in der jeweiligen Veranstaltung<br>Empf\u00e4nger au\u00dferhalb von DMUN e.V.:<br>\u2022 Google, Inc. <br>\u2022 <a href=\"https:\/\/zoom.us\/de-de\/subprocessors.html\" target=\"_blank\" rel=\"noreferrer noopener\">Unterauftragsverarbeiter der Zoom Video Communications, Inc.<\/a><br><br><strong>Datenverarbeitung au\u00dferhalb der Europ\u00e4ischen Union<\/strong><br>\u201eGoogle, Inc.\u201c hat seinen Sitz in den USA. Ein Teil der Verarbeitung der personenbezogenen Daten, die bei der Nutzung von \u201eGoogle Meet\u201c erhoben werden, findet daher in den USA statt. Bei der Erbringung des Dienstes setzt \u201eGoogle Meet\u201c seinerseits Unterauftragnehmer ein. Google, Inc. ist Teilnehmer des EU-US-Data-Privacy-Frameworks. Bei seinem Einsatz gilt dasselbe Datenschutzniveau, wie das mit \u201eGoogle Meet\u201c vertraglich vereinbarte und gem\u00e4\u00df den Vorschriften der DSGVO verlangte.<br>Die geeigneten Garantien f\u00fcr die Wahrung der Rechte der Betroffenen (Art. 46 Abs. 1 DSGVO) sind durch den Abschluss der sog. EU-Standardvertragsklauseln gew\u00e4hrleistet, die unter Nachfrage per E-Mail an <a href=\"mailto:datenschutz@dmun.de\">datenschutz@dmun.de<\/a> in Kopie zur Verf\u00fcgung gestellt werden k\u00f6nnen.<br><br><strong>Dauer der Speicherung personenbezogener Daten<\/strong><br>Ihre personenbezogenen Daten, die wir im Rahmen Ihrer Verwendung von \u201eGoogle Meet\u201c verarbeiten, werden grunds\u00e4tzlich gel\u00f6scht, sobald sie nicht mehr f\u00fcr die Zwecke, f\u00fcr die sie erhoben wurden, ben\u00f6tigt werden. F\u00fcr Veranstaltungen von DMUN e.V. bedeutet das, dass wir Ihre personenbezogenen Daten, die wir im Rahmen Ihrer Verwendung von \u201eGoogle Meet\u201c verarbeiten, nach der Veranstaltung vollst\u00e4ndig l\u00f6schen.<br><br>Insoweit werden die Angaben zum Benutzer (s.o.) gel\u00f6scht, wenn das Konto durch die betroffene Person oder im Auftrag der betroffenen Person gel\u00f6scht wird. Die Meeting-Metadaten (s.o.) werden gel\u00f6scht, sobald die Speicherung f\u00fcr die Erbringung des Dienstes nicht mehr erforderlich ist.<br><br>Meeting-Inhaltsdaten (s.o.) werden nicht \u00fcber die Kommunikation hinaus gespeichert. Soweit die Daten in die Google-Cloud aufgezeichnet werden, werden diese dort nach 7 Tagen gel\u00f6scht. Wenn und soweit die Verarbeitung auf Ihrer Einwilligung beruht, werden die Daten nur solange gespeichert, bis Sie Ihre Einwilligung widerrufen, es sei denn, es besteht eine andere Rechtsgrundlage f\u00fcr die Verarbeitung.<br><br><strong>4. Datenverarbeitung bei der Nutzung von \u201eSlack\u201c<\/strong><br><br><strong>Umfang der Datenverarbeitung<\/strong><br>Wenn Sie den Dienst \u201eSlack\u201c f\u00fcr die Teilnahme an Veranstaltungen von DMUN e.V. verwenden, verarbeiten wir von Ihnen folgende Daten:<br>1. Workspace- und Account-Informationen.<br>2. Angaben zur Benutzung.<br>a. Metadaten der Services.<br>b. Protokolldaten.<br>c. Ger\u00e4tedaten.<br>d. Standortinformationen.<br>3. Cookie-Informationen.<br>4. Dienste von Drittanbietern.<br>5. Kontaktdaten.<br>6. Daten Dritter.<br>7. Zus\u00e4tzlich an Slack \u00fcbermittelte Daten.<br><a href=\"https:\/\/slack.com\/intl\/de-de\/trust\/privacy\/privacy-policy#collect\" target=\"_blank\" rel=\"noreferrer noopener\">Ausf\u00fchrliche Informationen zur Art der verarbeiteten Daten gibt es hier.<\/a><br><br><strong>Zwecke der Datenverarbeitung<\/strong><br>Die Verarbeitung Ihrer oben genannten personenbezogenen Daten dient dazu, Ihnen \u201eSlack\u201c als Tool f\u00fcr die Durchf\u00fchrung von Veranstaltungen von DMUN e.V. zur Verf\u00fcgung stellen zu k\u00f6nnen und die genannten Formate \u00fcber \u201eSlack\u201c abwickeln zu k\u00f6nnen.<br><br><strong>Rechtsgrundlage f\u00fcr die Verarbeitung personenbezogener Daten<\/strong><br>Soweit wir f\u00fcr Verarbeitungsvorg\u00e4nge personenbezogener Daten im Rahmen der Nutzung von \u201eSlack\u201c Ihre Einwilligung einholen, dient Art. 6 Abs. 1 lit. a DSGVO als Rechtsgrundlage f\u00fcr die Verarbeitung personenbezogener Daten.<br>Soweit die Verarbeitung personenbezogener Daten im Rahmen von \u201eSlack\u201c f\u00fcr die Erf\u00fcllung eines Vertrages erforderlich ist, dessen Vertragspartei Sie sind, oder zur Durchf\u00fchrung vorvertraglicher Ma\u00dfnahmen erforderlich ist, die auf Ihre Anfrage hin erfolgen, dient Art. 6 Abs. 1 lit. b DSGVO als Rechtsgrundlage f\u00fcr die Verarbeitung personenbezogener Daten.<br>Soweit eine Verarbeitung personenbezogener Daten im Rahmen von \u201eSlack\u201c zur Erf\u00fcllung einer rechtlichen Verpflichtung erforderlich ist, der DMUN e.V. unterliegt, dient Art. 6 Abs. 1 lit. c DSGVO als Rechtsgrundlage.<br>Ist die Verarbeitung Ihrer personenbezogenen Daten im Rahmen der Nutzung von \u201eSlack\u201c f\u00fcr die Wahrnehmung einer Aufgabe erforderlich, die im \u00f6ffentlichen Interesse liegt oder in Aus\u00fcbung \u00f6ffentlicher Gewalt erfolgt, die DMUN e.V. \u00fcbertragen wurde, so dient Art. 6 Abs. 1 lit. e, Abs. 3 lit. b) DSGVO als Rechtsgrundlage f\u00fcr die Verarbeitung.<br><br><strong>Weitere Empf\u00e4nger Ihrer personenbezogenen Daten<\/strong><br>Ihre bei der Nutzung von \u201eSlack\u201c erhobenen personenbezogenen Daten werden an folgende Empf\u00e4nger innerhalb bzw. au\u00dferhalb von DMUN e.V. weitergegeben:<br><br>Empf\u00e4nger innerhalb von DMUN e.V.:<br>\u2022 Vorstand von DMUN e.V., Organisator*in der jeweiligen Veranstaltung<br>Empf\u00e4nger au\u00dferhalb von DMUN e.V.:<br>\u2022 Slack Technologies, Inc.<br>\u2022 <a href=\"https:\/\/slack.com\/intl\/de-de\/slack-subprocessors\" target=\"_blank\" rel=\"noreferrer noopener\">Unterauftragsverarbeiter der Slack Technologies, Inc.<\/a><br><br><strong>Datenverarbeitung au\u00dferhalb der Europ\u00e4ischen Union<\/strong><br>Die \u201eSlack Technologies, Inc.\u201c hat ihren Sitz in den USA. Ein Teil der Verarbeitung der personenbezogenen Daten, die bei der Nutzung von \u201eSlack\u201c erhoben werden, findet daher in den USA statt. Bei der Erbringung des Dienstes setzt \u201eSlack\u201c seinerseits Unterauftragnehmer ein. Bei deren Einsatz gilt dasselbe Datenschutzniveau, wie das mit Slack vertraglich vereinbarte und gem\u00e4\u00df den Vorschriften der DSGVO verlangte. Die geeigneten Garantien f\u00fcr die Wahrung der Rechte der Betroffenen (Art. 46 Abs. 1 DSGVO) sind durch den Abschluss der sog. EU-Standardvertragsklauseln gew\u00e4hrleistet, die unter Nachfrage per E-Mail an <a href=\"mailto:datenschutz@dmun.de\">datenschutz@dmun.de<\/a> in Kopie zur Verf\u00fcgung gestellt werden k\u00f6nnen.<br><br><strong>Dauer der Speicherung personenbezogener Daten<\/strong><br>Ihre personenbezogenen Daten, die wir im Rahmen Ihrer Verwendung von \u201eSlack\u201c verarbeiten, werden grunds\u00e4tzlich gel\u00f6scht, sobald sie nicht mehr f\u00fcr die Zwecke, f\u00fcr die sie erhoben wurden, ben\u00f6tigt werden. F\u00fcr Veranstaltungen von DMUN e.V. bedeutet das, dass wir Ihre personenbezogenen Daten, die wir im Rahmen Ihrer Verwendung von \u201eSlack\u201c verarbeiten, nach der Veranstaltung vollst\u00e4ndig l\u00f6schen. Au\u00dferdem werden die personenbezogenen Daten gel\u00f6scht, wenn das Slack-Konto durch die betroffene Person oder im Auftrag der betroffenen Person gel\u00f6scht wird. Wenn und soweit die Verarbeitung auf Ihrer Einwilligung beruht, werden die Daten nur solange gespeichert, bis Sie Ihre Einwilligung widerrufen, es sei denn, es besteht eine andere Rechtsgrundlage f\u00fcr die Verarbeitung.<br><br><strong>5. Ihre Rechte als Betroffene*r<\/strong><br>Sie haben jederzeit ein Recht auf Auskunft \u00fcber Ihre von DMUN verarbeiteten personenbezogenen Daten (Art. 15 DSGVO), ein Recht auf Berichtigung Ihrer personenbezogenen Daten (Art. 16 DSGVO), ein Recht auf L\u00f6schung (Art. 17 DSGVO), ein Recht auf Einschr\u00e4nkung der Verarbeitung (Art. 18 DSGVO), ein Recht auf Widerspruch gegen die Verarbeitung (Art. 21 DSGVO) und, soweit die Verarbeitung auf Ihrer Einwilligung beruht, ein Recht auf Widerruf Ihrer Einwilligung (Art. 7 Abs. 3 DSGVO).<br>Au\u00dferdem haben Sie das Recht, Beschwerde bei einer Aufsichtsbeh\u00f6rde einzulegen (Art. 77 DSGVO). Dies kann zum Beispiel bei dem f\u00fcr DMUN zust\u00e4ndigen Unabh\u00e4ngigen Landeszentrum f\u00fcr Datenschutz Schleswig-Holstein, Postfach 71 16, 24171 Kiel, Tel.: 0431\/988-12 00, E-Mail: <a href=\"mailto:mail@datenschutzzentrum.de\">mail@datenschutzzentrum.de<\/a> geschehen.<\/p>\n\n\n\n<p>Die Datenschutzerkl\u00e4rung von DMUN e.V. kann <a href=\"https:\/\/www.dmun.de\/impressum\/\">hier<\/a> eingesehen werden.<\/p>\n","protected":false},"excerpt":{"rendered":"<p>Beim Besuch dieser Internetangebote werden IP-Adressen und andere technische Daten im Rahmen der \u00fcblichen allgemeinen Server-Log-Dateien gespeichert. Diese nutzt Deutsche Model United Nations (DMUN) e.V. nur im Rahmen der gesetzlichen Bestimmungen. Sie werden nicht l\u00e4nger als \u00fcblich gespeichert. Benutzer dieser Internetangebote k\u00f6nnen sich registrieren. Als Benutzernamen k\u00f6nnen sie dabei ihren echten Namen oder ein Pseudonym [&hellip;]<\/p>\n","protected":false},"author":2,"featured_media":0,"parent":0,"menu_order":0,"comment_status":"closed","ping_status":"closed","template":"","meta":{"saved_in_kubio":true,"footnotes":""},"class_list":["post-647","page","type-page","status-publish","hentry"],"kubio_ai_page_context":{"short_desc":"","purpose":"general"},"_links":{"self":[{"href":"https:\/\/munbw.de\/index.php?rest_route=\/wp\/v2\/pages\/647","targetHints":{"allow":["GET"]}}],"collection":[{"href":"https:\/\/munbw.de\/index.php?rest_route=\/wp\/v2\/pages"}],"about":[{"href":"https:\/\/munbw.de\/index.php?rest_route=\/wp\/v2\/types\/page"}],"author":[{"embeddable":true,"href":"https:\/\/munbw.de\/index.php?rest_route=\/wp\/v2\/users\/2"}],"replies":[{"embeddable":true,"href":"https:\/\/munbw.de\/index.php?rest_route=%2Fwp%2Fv2%2Fcomments&post=647"}],"version-history":[{"count":16,"href":"https:\/\/munbw.de\/index.php?rest_route=\/wp\/v2\/pages\/647\/revisions"}],"predecessor-version":[{"id":885,"href":"https:\/\/munbw.de\/index.php?rest_route=\/wp\/v2\/pages\/647\/revisions\/885"}],"wp:attachment":[{"href":"https:\/\/munbw.de\/index.php?rest_route=%2Fwp%2Fv2%2Fmedia&parent=647"}],"curies":[{"name":"wp","href":"https:\/\/api.w.org\/{rel}","templated":true}]}}